{"id":4440,"date":"2023-10-12T02:13:31","date_gmt":"2023-10-12T02:13:31","guid":{"rendered":"https:\/\/bim-objects.euclidchemicaltoxement.com.co\/?page_id=4440"},"modified":"2023-10-13T15:57:02","modified_gmt":"2023-10-13T15:57:02","slug":"descarga-sistemas-uretano-cemento","status":"publish","type":"page","link":"https:\/\/bim-objects.euclidchemicaltoxement.com.co\/index.php\/descarga-sistemas-uretano-cemento\/","title":{"rendered":"Descarga \u2013 Sistemas Uretano Cemento"},"content":{"rendered":"\t\t<div data-elementor-type=\"wp-page\" data-elementor-id=\"4440\" class=\"elementor elementor-4440\">\n\t\t\t\t\t\t<section class=\"elementor-section elementor-top-section elementor-element elementor-element-5119bd9 elementor-section-full_width elementor-section-height-default elementor-section-height-default\" data-id=\"5119bd9\" data-element_type=\"section\">\n\t\t\t\t\t\t\t<div class=\"elementor-background-overlay\"><\/div>\n\t\t\t\t\t\t\t<div class=\"elementor-container elementor-column-gap-default\">\n\t\t\t\t\t<div class=\"elementor-column elementor-col-100 elementor-top-column elementor-element elementor-element-aa8ea3d\" data-id=\"aa8ea3d\" data-element_type=\"column\">\n\t\t\t<div class=\"elementor-widget-wrap elementor-element-populated\">\n\t\t\t\t\t\t<div class=\"elementor-element elementor-element-19a553c elementor-widget elementor-widget-spacer\" data-id=\"19a553c\" data-element_type=\"widget\" data-widget_type=\"spacer.default\">\n\t\t\t\t<div class=\"elementor-widget-container\">\n\t\t\t\t\t<div class=\"elementor-spacer\">\n\t\t\t<div class=\"elementor-spacer-inner\"><\/div>\n\t\t<\/div>\n\t\t\t\t<\/div>\n\t\t\t\t<\/div>\n\t\t\t\t\t<\/div>\n\t\t<\/div>\n\t\t\t\t\t<\/div>\n\t\t<\/section>\n\t\t\t\t<section class=\"elementor-section elementor-top-section elementor-element elementor-element-f41aaba elementor-section-full_width elementor-section-height-default elementor-section-height-default\" data-id=\"f41aaba\" data-element_type=\"section\">\n\t\t\t\t\t\t\t<div class=\"elementor-background-overlay\"><\/div>\n\t\t\t\t\t\t\t<div class=\"elementor-container elementor-column-gap-default\">\n\t\t\t\t\t<div class=\"elementor-column elementor-col-100 elementor-top-column elementor-element elementor-element-415a0b1\" data-id=\"415a0b1\" data-element_type=\"column\">\n\t\t\t<div class=\"elementor-widget-wrap elementor-element-populated\">\n\t\t\t\t\t\t<section class=\"elementor-section elementor-inner-section elementor-element elementor-element-263fd52 elementor-section-full_width elementor-section-content-middle elementor-section-height-default elementor-section-height-default\" data-id=\"263fd52\" data-element_type=\"section\">\n\t\t\t\t\t\t<div class=\"elementor-container elementor-column-gap-default\">\n\t\t\t\t\t<div class=\"elementor-column elementor-col-100 elementor-inner-column elementor-element elementor-element-4e249c5\" data-id=\"4e249c5\" data-element_type=\"column\">\n\t\t\t<div class=\"elementor-widget-wrap elementor-element-populated\">\n\t\t\t\t\t\t<div class=\"elementor-element elementor-element-29b0ea8 elementor-widget elementor-widget-heading\" data-id=\"29b0ea8\" data-element_type=\"widget\" data-widget_type=\"heading.default\">\n\t\t\t\t<div class=\"elementor-widget-container\">\n\t\t\t<h2 class=\"elementor-heading-title elementor-size-default\">Formulario de descarga - Sistemas Uretano Cemento<\/h2>\t\t<\/div>\n\t\t\t\t<\/div>\n\t\t\t\t<div class=\"elementor-element elementor-element-6bdb7a1 elementor-widget elementor-widget-text-editor\" data-id=\"6bdb7a1\" data-element_type=\"widget\" data-widget_type=\"text-editor.default\">\n\t\t\t\t<div class=\"elementor-widget-container\">\n\t\t\t\t\t\t\t<p>Por favor complete el siguiente formulario para recibir la familia en su correo electr\u00f3nico. \u00a1Gracias!<\/p>\t\t\t\t\t\t<\/div>\n\t\t\t\t<\/div>\n\t\t\t\t\t<\/div>\n\t\t<\/div>\n\t\t\t\t\t<\/div>\n\t\t<\/section>\n\t\t\t\t<div class=\"elementor-element elementor-element-d577db2 elementor-widget elementor-widget-bim-contact\" data-id=\"d577db2\" data-element_type=\"widget\" data-widget_type=\"bim-contact.default\">\n\t\t\t\t<div class=\"elementor-widget-container\">\n\t\t\t\t\t<div class=\"bim-contact-shortcode contact-style1 \"><style id=\"wpforms-css-vars-4437\">\n\t\t\t\t#wpforms-4437 {\n\t\t\t\t\n\t\t\t}\n\t\t\t<\/style><div class=\"wpforms-container wpforms-container-full wpforms-render-modern\" id=\"wpforms-4437\"><form id=\"wpforms-form-4437\" class=\"wpforms-validate wpforms-form wpforms-ajax-form\" data-formid=\"4437\" method=\"post\" enctype=\"multipart\/form-data\" action=\"\/index.php\/wp-json\/wp\/v2\/pages\/4440\" data-token=\"e988859abf607f8690ec84e09a84dcc7\" data-token-time=\"1775479457\"><noscript class=\"wpforms-error-noscript\">Please enable JavaScript in your browser to complete this form.<\/noscript><div id=\"wpforms-error-noscript\" style=\"display: none;\">Please enable JavaScript in your browser to complete this form.<\/div><div class=\"wpforms-field-container\"><div id=\"wpforms-4437-field_1-container\" class=\"wpforms-field wpforms-field-name\" data-field-id=\"1\"><fieldset><legend class=\"wpforms-field-label wpforms-label-hide\" aria-hidden=\"false\">Nombre Completo <span class=\"wpforms-required-label\" aria-hidden=\"true\">*<\/span><\/legend><div class=\"wpforms-field-row wpforms-field-large\"><div class=\"wpforms-field-row-block wpforms-first wpforms-one-half\"><input type=\"text\" id=\"wpforms-4437-field_1\" class=\"wpforms-field-name-first wpforms-field-required\" name=\"wpforms[fields][1][first]\" placeholder=\"Nombres *\" aria-errormessage=\"wpforms-4437-field_1-error\" required><label for=\"wpforms-4437-field_1\" class=\"wpforms-field-sublabel after wpforms-sublabel-hide\">First<\/label><\/div><div class=\"wpforms-field-row-block wpforms-one-half\"><input type=\"text\" id=\"wpforms-4437-field_1-last\" class=\"wpforms-field-name-last wpforms-field-required\" name=\"wpforms[fields][1][last]\" placeholder=\"Apellidos*\" aria-errormessage=\"wpforms-4437-field_1-last-error\" required><label for=\"wpforms-4437-field_1-last\" class=\"wpforms-field-sublabel after wpforms-sublabel-hide\">Last<\/label><\/div><\/div><\/fieldset><\/div><div id=\"wpforms-4437-field_4-container\" class=\"wpforms-field wpforms-field-email\" data-field-id=\"4\"><label class=\"wpforms-field-label wpforms-label-hide\" for=\"wpforms-4437-field_4\" aria-hidden=\"false\">Correo electr\u00f3nico <span class=\"wpforms-required-label\" aria-hidden=\"true\">*<\/span><\/label><input type=\"email\" id=\"wpforms-4437-field_4\" class=\"wpforms-field-large wpforms-field-required\" name=\"wpforms[fields][4]\" placeholder=\"nombre-email@ejemplo.com *\" spellcheck=\"false\" aria-errormessage=\"wpforms-4437-field_4-error\" required><\/div><div id=\"wpforms-4437-field_13-container\" class=\"wpforms-field wpforms-field-text\" data-field-id=\"13\"><label class=\"wpforms-field-label wpforms-label-hide\" for=\"wpforms-4437-field_13\" aria-hidden=\"false\">Empresa\/proyecto<\/label><input type=\"text\" id=\"wpforms-4437-field_13\" class=\"wpforms-field-large\" name=\"wpforms[fields][13]\" placeholder=\"Empresa\/Proyecto\" aria-errormessage=\"wpforms-4437-field_13-error\" ><\/div><div id=\"wpforms-4437-field_7-container\" class=\"wpforms-field wpforms-field-text\" data-field-id=\"7\"><label class=\"wpforms-field-label wpforms-label-hide\" for=\"wpforms-4437-field_7\" aria-hidden=\"false\">Pa\u00eds <span class=\"wpforms-required-label\" aria-hidden=\"true\">*<\/span><\/label><input type=\"text\" id=\"wpforms-4437-field_7\" class=\"wpforms-field-large wpforms-field-required\" name=\"wpforms[fields][7]\" placeholder=\"Pa\u00eds *\" aria-errormessage=\"wpforms-4437-field_7-error\" required><\/div><div id=\"wpforms-4437-field_8-container\" class=\"wpforms-field wpforms-field-text\" data-field-id=\"8\"><label class=\"wpforms-field-label wpforms-label-hide\" for=\"wpforms-4437-field_8\" aria-hidden=\"false\">Departamento  <span class=\"wpforms-required-label\" aria-hidden=\"true\">*<\/span><\/label><input type=\"text\" id=\"wpforms-4437-field_8\" class=\"wpforms-field-large wpforms-field-required\" name=\"wpforms[fields][8]\" placeholder=\"Departamento *\" aria-errormessage=\"wpforms-4437-field_8-error\" required><\/div><div id=\"wpforms-4437-field_9-container\" class=\"wpforms-field wpforms-field-text\" data-field-id=\"9\"><label class=\"wpforms-field-label wpforms-label-hide\" for=\"wpforms-4437-field_9\" aria-hidden=\"false\">Ciudad <span class=\"wpforms-required-label\" aria-hidden=\"true\">*<\/span><\/label><input type=\"text\" id=\"wpforms-4437-field_9\" class=\"wpforms-field-large wpforms-field-required\" name=\"wpforms[fields][9]\" placeholder=\"Ciudad *\" aria-errormessage=\"wpforms-4437-field_9-error\" required><\/div><div id=\"wpforms-4437-field_10-container\" class=\"wpforms-field wpforms-field-select wpforms-field-select-style-modern\" data-field-id=\"10\"><label class=\"wpforms-field-label wpforms-label-hide\" for=\"wpforms-4437-field_10\" aria-hidden=\"false\">Ocupaci\u00f3n <span class=\"wpforms-required-label\" aria-hidden=\"true\">*<\/span><\/label><select id=\"wpforms-4437-field_10\" class=\"wpforms-field-medium wpforms-field-required choicesjs-select\" data-size-class=\"wpforms-field-row wpforms-field-medium\" data-search-enabled=\"1\" name=\"wpforms[fields][10]\" required=\"required\"><option value=\"\" class=\"placeholder\" disabled  selected='selected'><\/option><option value=\"Arquitecto\"  class=\"choice-3 depth-1\"  >Arquitecto<\/option><option value=\"Ingeniero\"  class=\"choice-4 depth-1\"  >Ingeniero<\/option><option value=\"Dise\u00f1ador\"  class=\"choice-5 depth-1\"  >Dise\u00f1ador<\/option><option value=\"Constructor\"  class=\"choice-6 depth-1\"  >Constructor<\/option><option value=\"Consultor\"  class=\"choice-7 depth-1\"  >Consultor<\/option><option value=\"Docente\"  class=\"choice-8 depth-1\"  >Docente<\/option><option value=\"Maestro de obra\"  class=\"choice-9 depth-1\"  >Maestro de obra<\/option><option value=\"Estudiante\"  class=\"choice-2 depth-1\"  >Estudiante<\/option><option value=\"otro\"  class=\"choice-10 depth-1\"  >otro<\/option><\/select><\/div><div id=\"wpforms-4437-field_12-container\" class=\"wpforms-field wpforms-field-gdpr-checkbox\" data-field-id=\"12\"><label class=\"wpforms-field-label\">Acuerdo de tratamiento de datos personales <span class=\"wpforms-required-label\" aria-hidden=\"true\">*<\/span><\/label><ul id=\"wpforms-4437-field_12\" class=\"wpforms-field-required\"><li class=\"choice-1\"><input type=\"checkbox\" id=\"wpforms-4437-field_12_1\" name=\"wpforms[fields][12][]\" value=\"Declaro haber le\u00eddo y aceptado la Pol\u00edtica de datos y privacidad.\" aria-errormessage=\"wpforms-4437-field_12_1-error\" aria-describedby=\"wpforms-4437-field_12-description\" required ><label class=\"wpforms-field-label-inline\" for=\"wpforms-4437-field_12_1\">Declaro haber le\u00eddo y aceptado la Pol\u00edtica de datos y privacidad.<\/label><\/li><\/ul><div id=\"wpforms-4437-field_12-description\" class=\"wpforms-field-description\"><a href=\"https:\/\/euclidchemicaltoxement.com.co\/terminos-y-condiciones\/\" style=\"color: blue; transition: color 0.3s;\" onmouseover=\"this.style.color='green'\" onmouseout=\"this.style.color='blue'\">Leer Pol\u00edticas de datos y Privacidad<\/a><\/div><\/div><div id=\"wpforms-4437-field_11-container\" class=\"wpforms-field wpforms-field-number\" data-field-id=\"11\"><label class=\"wpforms-field-label wpforms-label-hide\" for=\"wpforms-4437-field_11\" aria-hidden=\"false\">Telefono\/celular<\/label><input type=\"number\" id=\"wpforms-4437-field_11\" class=\"wpforms-field-medium\" name=\"wpforms[fields][11]\" placeholder=\"Telefono\/celular *\" step=\"any\" aria-errormessage=\"wpforms-4437-field_11-error\" aria-describedby=\"wpforms-4437-field_11-description\" ><div id=\"wpforms-4437-field_11-description\" class=\"wpforms-field-description\">*Autorizo ser contactado a trav\u00e9s de mi n\u00famero de celular (Whatsapp) para recibir asesor\u00eda t\u00e9cnica y comercial relacionadas con las familias BIM de Euclid Chemical Toxement.<\/div><\/div><\/div><!-- .wpforms-field-container --><div class=\"wpforms-submit-container\" ><input type=\"hidden\" name=\"wpforms[id]\" value=\"4437\"><input type=\"hidden\" name=\"page_title\" value=\"\"><input type=\"hidden\" name=\"page_url\" value=\"https:\/\/bim-objects.euclidchemicaltoxement.com.co\/index.php\/wp-json\/wp\/v2\/pages\/4440\"><input type=\"hidden\" name=\"url_referer\" value=\"\"><button type=\"submit\" name=\"wpforms[submit]\" id=\"wpforms-submit-4437\" class=\"wpforms-submit\" data-alt-text=\"Enviando...\" data-submit-text=\"Enviar y descargar\" aria-live=\"assertive\" value=\"wpforms-submit\">Enviar y descargar<\/button><img decoding=\"async\" src=\"https:\/\/bim-objects.euclidchemicaltoxement.com.co\/wp-content\/plugins\/wpforms-lite\/assets\/images\/submit-spin.svg\" class=\"wpforms-submit-spinner\" style=\"display: none;\" width=\"26\" height=\"26\" alt=\"Loading\"><\/div><\/form><\/div>  <!-- .wpforms-container --><\/div>\r\n\t\t\t\t<\/div>\n\t\t\t\t<\/div>\n\t\t\t\t\t<\/div>\n\t\t<\/div>\n\t\t\t\t\t<\/div>\n\t\t<\/section>\n\t\t\t\t<\/div>\n\t\t","protected":false},"excerpt":{"rendered":"<p>Formulario de descarga &#8211; Sistemas Uretano Cemento Por favor complete el siguiente formulario para recibir la familia en su correo electr\u00f3nico. \u00a1Gracias! Por favor, activa JavaScript en tu navegador para completar este formulario.Por favor, activa JavaScript en tu navegador para completar este formulario. Nombre Completo * NombreApellidos Correo electr\u00f3nico *Empresa\/proyectoPa\u00eds *Departamento *Ciudad *Ocupaci\u00f3n *ConstructoraConstructoraEstudianteArquitectoIngenieroDise\u00f1adorConstructorConsultorDocenteMaestro de obraotroTelefono\/celularAcuerdo de tratamiento de datos &hellip;<\/p>\n","protected":false},"author":1,"featured_media":0,"parent":0,"menu_order":0,"comment_status":"closed","ping_status":"closed","template":"blank-builder.php","meta":{"_monsterinsights_skip_tracking":false,"_monsterinsights_sitenote_active":false,"_monsterinsights_sitenote_note":"","_monsterinsights_sitenote_category":0,"footnotes":""},"class_list":["post-4440","page","type-page","status-publish","hentry"],"aioseo_notices":[],"_links":{"self":[{"href":"https:\/\/bim-objects.euclidchemicaltoxement.com.co\/index.php\/wp-json\/wp\/v2\/pages\/4440"}],"collection":[{"href":"https:\/\/bim-objects.euclidchemicaltoxement.com.co\/index.php\/wp-json\/wp\/v2\/pages"}],"about":[{"href":"https:\/\/bim-objects.euclidchemicaltoxement.com.co\/index.php\/wp-json\/wp\/v2\/types\/page"}],"author":[{"embeddable":true,"href":"https:\/\/bim-objects.euclidchemicaltoxement.com.co\/index.php\/wp-json\/wp\/v2\/users\/1"}],"replies":[{"embeddable":true,"href":"https:\/\/bim-objects.euclidchemicaltoxement.com.co\/index.php\/wp-json\/wp\/v2\/comments?post=4440"}],"version-history":[{"count":19,"href":"https:\/\/bim-objects.euclidchemicaltoxement.com.co\/index.php\/wp-json\/wp\/v2\/pages\/4440\/revisions"}],"predecessor-version":[{"id":4612,"href":"https:\/\/bim-objects.euclidchemicaltoxement.com.co\/index.php\/wp-json\/wp\/v2\/pages\/4440\/revisions\/4612"}],"wp:attachment":[{"href":"https:\/\/bim-objects.euclidchemicaltoxement.com.co\/index.php\/wp-json\/wp\/v2\/media?parent=4440"}],"curies":[{"name":"wp","href":"https:\/\/api.w.org\/{rel}","templated":true}]}}