{"id":4373,"date":"2023-10-11T19:50:45","date_gmt":"2023-10-11T19:50:45","guid":{"rendered":"https:\/\/bim-objects.euclidchemicaltoxement.com.co\/?page_id=4373"},"modified":"2023-10-13T15:32:00","modified_gmt":"2023-10-13T15:32:00","slug":"descarga-sistemas-de-membrana-pvc","status":"publish","type":"page","link":"https:\/\/bim-objects.euclidchemicaltoxement.com.co\/index.php\/descarga-sistemas-de-membrana-pvc\/","title":{"rendered":"Descarga \u2013 Sistemas de membrana PVC"},"content":{"rendered":"\t\t<div data-elementor-type=\"wp-page\" data-elementor-id=\"4373\" class=\"elementor elementor-4373\">\n\t\t\t\t\t\t<section class=\"elementor-section elementor-top-section elementor-element elementor-element-76a4fc3 elementor-section-full_width elementor-section-height-default elementor-section-height-default\" data-id=\"76a4fc3\" data-element_type=\"section\">\n\t\t\t\t\t\t\t<div class=\"elementor-background-overlay\"><\/div>\n\t\t\t\t\t\t\t<div class=\"elementor-container elementor-column-gap-default\">\n\t\t\t\t\t<div class=\"elementor-column elementor-col-100 elementor-top-column elementor-element elementor-element-9dca1bf\" data-id=\"9dca1bf\" data-element_type=\"column\">\n\t\t\t<div class=\"elementor-widget-wrap elementor-element-populated\">\n\t\t\t\t\t\t<div class=\"elementor-element elementor-element-c5affa5 elementor-widget elementor-widget-spacer\" data-id=\"c5affa5\" data-element_type=\"widget\" data-widget_type=\"spacer.default\">\n\t\t\t\t<div class=\"elementor-widget-container\">\n\t\t\t\t\t<div class=\"elementor-spacer\">\n\t\t\t<div class=\"elementor-spacer-inner\"><\/div>\n\t\t<\/div>\n\t\t\t\t<\/div>\n\t\t\t\t<\/div>\n\t\t\t\t\t<\/div>\n\t\t<\/div>\n\t\t\t\t\t<\/div>\n\t\t<\/section>\n\t\t\t\t<section class=\"elementor-section elementor-top-section elementor-element elementor-element-9c6c71e elementor-section-full_width elementor-section-height-default elementor-section-height-default\" data-id=\"9c6c71e\" data-element_type=\"section\">\n\t\t\t\t\t\t\t<div class=\"elementor-background-overlay\"><\/div>\n\t\t\t\t\t\t\t<div class=\"elementor-container elementor-column-gap-default\">\n\t\t\t\t\t<div class=\"elementor-column elementor-col-100 elementor-top-column elementor-element elementor-element-8b5b277\" data-id=\"8b5b277\" data-element_type=\"column\">\n\t\t\t<div class=\"elementor-widget-wrap elementor-element-populated\">\n\t\t\t\t\t\t<section class=\"elementor-section elementor-inner-section elementor-element elementor-element-8265012 elementor-section-full_width elementor-section-content-middle elementor-section-height-default elementor-section-height-default\" data-id=\"8265012\" data-element_type=\"section\">\n\t\t\t\t\t\t<div class=\"elementor-container elementor-column-gap-default\">\n\t\t\t\t\t<div class=\"elementor-column elementor-col-100 elementor-inner-column elementor-element elementor-element-b76bb57\" data-id=\"b76bb57\" data-element_type=\"column\">\n\t\t\t<div class=\"elementor-widget-wrap elementor-element-populated\">\n\t\t\t\t\t\t<div class=\"elementor-element elementor-element-4572ace elementor-widget elementor-widget-heading\" data-id=\"4572ace\" data-element_type=\"widget\" data-widget_type=\"heading.default\">\n\t\t\t\t<div class=\"elementor-widget-container\">\n\t\t\t<h2 class=\"elementor-heading-title elementor-size-default\">Formulario de descarga - Sistemas de membranas PVC<\/h2>\t\t<\/div>\n\t\t\t\t<\/div>\n\t\t\t\t<div class=\"elementor-element elementor-element-8ba180f elementor-widget elementor-widget-text-editor\" data-id=\"8ba180f\" data-element_type=\"widget\" data-widget_type=\"text-editor.default\">\n\t\t\t\t<div class=\"elementor-widget-container\">\n\t\t\t\t\t\t\t<p>Por favor complete el siguiente formulario para recibir la familia en su correo electr\u00f3nico. \u00a1Gracias!<\/p>\t\t\t\t\t\t<\/div>\n\t\t\t\t<\/div>\n\t\t\t\t\t<\/div>\n\t\t<\/div>\n\t\t\t\t\t<\/div>\n\t\t<\/section>\n\t\t\t\t<div class=\"elementor-element elementor-element-425d4f1 elementor-widget elementor-widget-bim-contact\" data-id=\"425d4f1\" data-element_type=\"widget\" data-widget_type=\"bim-contact.default\">\n\t\t\t\t<div class=\"elementor-widget-container\">\n\t\t\t\t\t<div class=\"bim-contact-shortcode contact-style1 \"><style id=\"wpforms-css-vars-4366\">\n\t\t\t\t#wpforms-4366 {\n\t\t\t\t\n\t\t\t}\n\t\t\t<\/style><div class=\"wpforms-container wpforms-container-full wpforms-render-modern\" id=\"wpforms-4366\"><form id=\"wpforms-form-4366\" class=\"wpforms-validate wpforms-form wpforms-ajax-form\" data-formid=\"4366\" method=\"post\" enctype=\"multipart\/form-data\" action=\"\/index.php\/wp-json\/wp\/v2\/pages\/4373\" data-token=\"b1f04fed7c95b30c4b47c77bf1fcce14\" data-token-time=\"1775480326\"><noscript class=\"wpforms-error-noscript\">Please enable JavaScript in your browser to complete this form.<\/noscript><div id=\"wpforms-error-noscript\" style=\"display: none;\">Please enable JavaScript in your browser to complete this form.<\/div><div class=\"wpforms-field-container\"><div id=\"wpforms-4366-field_1-container\" class=\"wpforms-field wpforms-field-name\" data-field-id=\"1\"><fieldset><legend class=\"wpforms-field-label wpforms-label-hide\" aria-hidden=\"false\">Nombre Completo <span class=\"wpforms-required-label\" aria-hidden=\"true\">*<\/span><\/legend><div class=\"wpforms-field-row wpforms-field-large\"><div class=\"wpforms-field-row-block wpforms-first wpforms-one-half\"><input type=\"text\" id=\"wpforms-4366-field_1\" class=\"wpforms-field-name-first wpforms-field-required\" name=\"wpforms[fields][1][first]\" placeholder=\"Nombres *\" aria-errormessage=\"wpforms-4366-field_1-error\" required><label for=\"wpforms-4366-field_1\" class=\"wpforms-field-sublabel after wpforms-sublabel-hide\">First<\/label><\/div><div class=\"wpforms-field-row-block wpforms-one-half\"><input type=\"text\" id=\"wpforms-4366-field_1-last\" class=\"wpforms-field-name-last wpforms-field-required\" name=\"wpforms[fields][1][last]\" placeholder=\"Apellidos*\" aria-errormessage=\"wpforms-4366-field_1-last-error\" required><label for=\"wpforms-4366-field_1-last\" class=\"wpforms-field-sublabel after wpforms-sublabel-hide\">Last<\/label><\/div><\/div><\/fieldset><\/div><div id=\"wpforms-4366-field_4-container\" class=\"wpforms-field wpforms-field-email\" data-field-id=\"4\"><label class=\"wpforms-field-label wpforms-label-hide\" for=\"wpforms-4366-field_4\" aria-hidden=\"false\">Correo electr\u00f3nico <span class=\"wpforms-required-label\" aria-hidden=\"true\">*<\/span><\/label><input type=\"email\" id=\"wpforms-4366-field_4\" class=\"wpforms-field-large wpforms-field-required\" name=\"wpforms[fields][4]\" placeholder=\"nombre-email@ejemplo.com *\" spellcheck=\"false\" aria-errormessage=\"wpforms-4366-field_4-error\" required><\/div><div id=\"wpforms-4366-field_13-container\" class=\"wpforms-field wpforms-field-text\" data-field-id=\"13\"><label class=\"wpforms-field-label wpforms-label-hide\" for=\"wpforms-4366-field_13\" aria-hidden=\"false\">Empresa\/proyecto<\/label><input type=\"text\" id=\"wpforms-4366-field_13\" class=\"wpforms-field-large\" name=\"wpforms[fields][13]\" placeholder=\"Empresa\/Proyecto\" aria-errormessage=\"wpforms-4366-field_13-error\" ><\/div><div id=\"wpforms-4366-field_7-container\" class=\"wpforms-field wpforms-field-text\" data-field-id=\"7\"><label class=\"wpforms-field-label wpforms-label-hide\" for=\"wpforms-4366-field_7\" aria-hidden=\"false\">Pa\u00eds <span class=\"wpforms-required-label\" aria-hidden=\"true\">*<\/span><\/label><input type=\"text\" id=\"wpforms-4366-field_7\" class=\"wpforms-field-large wpforms-field-required\" name=\"wpforms[fields][7]\" placeholder=\"Pa\u00eds *\" aria-errormessage=\"wpforms-4366-field_7-error\" required><\/div><div id=\"wpforms-4366-field_8-container\" class=\"wpforms-field wpforms-field-text\" data-field-id=\"8\"><label class=\"wpforms-field-label wpforms-label-hide\" for=\"wpforms-4366-field_8\" aria-hidden=\"false\">Departamento  <span class=\"wpforms-required-label\" aria-hidden=\"true\">*<\/span><\/label><input type=\"text\" id=\"wpforms-4366-field_8\" class=\"wpforms-field-large wpforms-field-required\" name=\"wpforms[fields][8]\" placeholder=\"Departamento *\" aria-errormessage=\"wpforms-4366-field_8-error\" required><\/div><div id=\"wpforms-4366-field_9-container\" class=\"wpforms-field wpforms-field-text\" data-field-id=\"9\"><label class=\"wpforms-field-label wpforms-label-hide\" for=\"wpforms-4366-field_9\" aria-hidden=\"false\">Ciudad <span class=\"wpforms-required-label\" aria-hidden=\"true\">*<\/span><\/label><input type=\"text\" id=\"wpforms-4366-field_9\" class=\"wpforms-field-large wpforms-field-required\" name=\"wpforms[fields][9]\" placeholder=\"Ciudad *\" aria-errormessage=\"wpforms-4366-field_9-error\" required><\/div><div id=\"wpforms-4366-field_10-container\" class=\"wpforms-field wpforms-field-select wpforms-field-select-style-modern\" data-field-id=\"10\"><label class=\"wpforms-field-label wpforms-label-hide\" for=\"wpforms-4366-field_10\" aria-hidden=\"false\">Ocupaci\u00f3n <span class=\"wpforms-required-label\" aria-hidden=\"true\">*<\/span><\/label><select id=\"wpforms-4366-field_10\" class=\"wpforms-field-medium wpforms-field-required choicesjs-select\" data-size-class=\"wpforms-field-row wpforms-field-medium\" data-search-enabled=\"1\" name=\"wpforms[fields][10]\" required=\"required\"><option value=\"\" class=\"placeholder\" disabled  selected='selected'><\/option><option value=\"Arquitecto\"  class=\"choice-3 depth-1\"  >Arquitecto<\/option><option value=\"Ingeniero\"  class=\"choice-4 depth-1\"  >Ingeniero<\/option><option value=\"Dise\u00f1ador\"  class=\"choice-5 depth-1\"  >Dise\u00f1ador<\/option><option value=\"Constructor\"  class=\"choice-6 depth-1\"  >Constructor<\/option><option value=\"Consultor\"  class=\"choice-7 depth-1\"  >Consultor<\/option><option value=\"Docente\"  class=\"choice-8 depth-1\"  >Docente<\/option><option value=\"Maestro de obra\"  class=\"choice-9 depth-1\"  >Maestro de obra<\/option><option value=\"Estudiante\"  class=\"choice-2 depth-1\"  >Estudiante<\/option><option value=\"otro\"  class=\"choice-10 depth-1\"  >otro<\/option><\/select><\/div><div id=\"wpforms-4366-field_12-container\" class=\"wpforms-field wpforms-field-gdpr-checkbox\" data-field-id=\"12\"><label class=\"wpforms-field-label\">Acuerdo de tratamiento de datos personales <span class=\"wpforms-required-label\" aria-hidden=\"true\">*<\/span><\/label><ul id=\"wpforms-4366-field_12\" class=\"wpforms-field-required\"><li class=\"choice-1\"><input type=\"checkbox\" id=\"wpforms-4366-field_12_1\" name=\"wpforms[fields][12][]\" value=\"Declaro haber le\u00eddo y aceptado la Pol\u00edtica de datos y privacidad.\" aria-errormessage=\"wpforms-4366-field_12_1-error\" aria-describedby=\"wpforms-4366-field_12-description\" required ><label class=\"wpforms-field-label-inline\" for=\"wpforms-4366-field_12_1\">Declaro haber le\u00eddo y aceptado la Pol\u00edtica de datos y privacidad.<\/label><\/li><\/ul><div id=\"wpforms-4366-field_12-description\" class=\"wpforms-field-description\"><a href=\"https:\/\/euclidchemicaltoxement.com.co\/terminos-y-condiciones\/\" style=\"color: blue; transition: color 0.3s;\" onmouseover=\"this.style.color='green'\" onmouseout=\"this.style.color='blue'\">Leer Pol\u00edticas de datos y Privacidad<\/a><\/div><\/div><div id=\"wpforms-4366-field_11-container\" class=\"wpforms-field wpforms-field-number\" data-field-id=\"11\"><label class=\"wpforms-field-label wpforms-label-hide\" for=\"wpforms-4366-field_11\" aria-hidden=\"false\">Telefono\/celular<\/label><input type=\"number\" id=\"wpforms-4366-field_11\" class=\"wpforms-field-medium\" name=\"wpforms[fields][11]\" placeholder=\"Telefono\/celular *\" step=\"any\" aria-errormessage=\"wpforms-4366-field_11-error\" aria-describedby=\"wpforms-4366-field_11-description\" ><div id=\"wpforms-4366-field_11-description\" class=\"wpforms-field-description\">*Autorizo ser contactado a trav\u00e9s de mi n\u00famero de celular (Whatsapp) para recibir asesor\u00eda t\u00e9cnica y comercial relacionadas con las familias BIM de Euclid Chemical Toxement.<\/div><\/div><\/div><!-- .wpforms-field-container --><div class=\"wpforms-submit-container\" ><input type=\"hidden\" name=\"wpforms[id]\" value=\"4366\"><input type=\"hidden\" name=\"page_title\" value=\"\"><input type=\"hidden\" name=\"page_url\" value=\"https:\/\/bim-objects.euclidchemicaltoxement.com.co\/index.php\/wp-json\/wp\/v2\/pages\/4373\"><input type=\"hidden\" name=\"url_referer\" value=\"\"><button type=\"submit\" name=\"wpforms[submit]\" id=\"wpforms-submit-4366\" class=\"wpforms-submit\" data-alt-text=\"Enviando...\" data-submit-text=\"Enviar y descargar\" aria-live=\"assertive\" value=\"wpforms-submit\">Enviar y descargar<\/button><img decoding=\"async\" src=\"https:\/\/bim-objects.euclidchemicaltoxement.com.co\/wp-content\/plugins\/wpforms-lite\/assets\/images\/submit-spin.svg\" class=\"wpforms-submit-spinner\" style=\"display: none;\" width=\"26\" height=\"26\" alt=\"Loading\"><\/div><\/form><\/div>  <!-- .wpforms-container -->\t<\/div>\r\n\t\t\t\t<\/div>\n\t\t\t\t<\/div>\n\t\t\t\t\t<\/div>\n\t\t<\/div>\n\t\t\t\t\t<\/div>\n\t\t<\/section>\n\t\t\t\t<\/div>\n\t\t","protected":false},"excerpt":{"rendered":"<p>Formulario de descarga &#8211; Sistemas de membranas PVC Por favor complete el siguiente formulario para recibir la familia en su correo electr\u00f3nico. \u00a1Gracias! Por favor, activa JavaScript en tu navegador para completar este formulario.Por favor, activa JavaScript en tu navegador para completar este formulario. Nombre Completo * NombreApellidos Correo electr\u00f3nico *Empresa\/proyectoPa\u00eds *Departamento *Ciudad *Ocupaci\u00f3n *ConstructoraConstructoraEstudianteArquitectoIngenieroDise\u00f1adorConstructorConsultorDocenteMaestro de obraotroTelefono\/celularAcuerdo de tratamiento de &hellip;<\/p>\n","protected":false},"author":1,"featured_media":0,"parent":0,"menu_order":0,"comment_status":"closed","ping_status":"closed","template":"blank-builder.php","meta":{"_monsterinsights_skip_tracking":false,"_monsterinsights_sitenote_active":false,"_monsterinsights_sitenote_note":"","_monsterinsights_sitenote_category":0,"footnotes":""},"class_list":["post-4373","page","type-page","status-publish","hentry"],"aioseo_notices":[],"_links":{"self":[{"href":"https:\/\/bim-objects.euclidchemicaltoxement.com.co\/index.php\/wp-json\/wp\/v2\/pages\/4373"}],"collection":[{"href":"https:\/\/bim-objects.euclidchemicaltoxement.com.co\/index.php\/wp-json\/wp\/v2\/pages"}],"about":[{"href":"https:\/\/bim-objects.euclidchemicaltoxement.com.co\/index.php\/wp-json\/wp\/v2\/types\/page"}],"author":[{"embeddable":true,"href":"https:\/\/bim-objects.euclidchemicaltoxement.com.co\/index.php\/wp-json\/wp\/v2\/users\/1"}],"replies":[{"embeddable":true,"href":"https:\/\/bim-objects.euclidchemicaltoxement.com.co\/index.php\/wp-json\/wp\/v2\/comments?post=4373"}],"version-history":[{"count":21,"href":"https:\/\/bim-objects.euclidchemicaltoxement.com.co\/index.php\/wp-json\/wp\/v2\/pages\/4373\/revisions"}],"predecessor-version":[{"id":4584,"href":"https:\/\/bim-objects.euclidchemicaltoxement.com.co\/index.php\/wp-json\/wp\/v2\/pages\/4373\/revisions\/4584"}],"wp:attachment":[{"href":"https:\/\/bim-objects.euclidchemicaltoxement.com.co\/index.php\/wp-json\/wp\/v2\/media?parent=4373"}],"curies":[{"name":"wp","href":"https:\/\/api.w.org\/{rel}","templated":true}]}}